{"id":165,"date":"2025-05-06T19:06:16","date_gmt":"2025-05-06T10:06:16","guid":{"rendered":"https:\/\/coindetailshub.com\/?page_id=165"},"modified":"2025-05-06T19:06:17","modified_gmt":"2025-05-06T10:06:17","slug":"politica-de-privacidad","status":"publish","type":"page","link":"https:\/\/coindetailshub.com\/es\/politica-de-privacidad\/","title":{"rendered":"Pol\u00edtica de privacidad"},"content":{"rendered":"<div id=\"ez-toc-container\" class=\"ez-toc-v2_0_73 counter-hierarchy ez-toc-counter ez-toc-grey ez-toc-container-direction\">\n<div class=\"ez-toc-title-container\">\n<p class=\"ez-toc-title\" style=\"cursor:inherit\">\u00cdndice<\/p>\n<span class=\"ez-toc-title-toggle\"><a href=\"#\" class=\"ez-toc-pull-right ez-toc-btn ez-toc-btn-xs ez-toc-btn-default ez-toc-toggle\" aria-label=\"Alternar tabla de contenidos\"><span class=\"ez-toc-js-icon-con\"><span class=\"\"><span class=\"eztoc-hide\" style=\"display:none;\">Toggle<\/span><span class=\"ez-toc-icon-toggle-span\"><svg style=\"fill: #999;color:#999\" xmlns=\"http:\/\/www.w3.org\/2000\/svg\" class=\"list-377408\" width=\"20px\" height=\"20px\" viewbox=\"0 0 24 24\" fill=\"none\"><path d=\"M6 6H4v2h2V6zm14 0H8v2h12V6zM4 11h2v2H4v-2zm16 0H8v2h12v-2zM4 16h2v2H4v-2zm16 0H8v2h12v-2z\" fill=\"currentColor\"><\/path><\/svg><svg style=\"fill: #999;color:#999\" class=\"arrow-unsorted-368013\" xmlns=\"http:\/\/www.w3.org\/2000\/svg\" width=\"10px\" height=\"10px\" viewbox=\"0 0 24 24\" version=\"1.2\" baseprofile=\"tiny\"><path d=\"M18.2 9.3l-6.2-6.3-6.2 6.3c-.2.2-.3.4-.3.7s.1.5.3.7c.2.2.4.3.7.3h11c.3 0 .5-.1.7-.3.2-.2.3-.5.3-.7s-.1-.5-.3-.7zM5.8 14.7l6.2 6.3 6.2-6.3c.2-.2.3-.5.3-.7s-.1-.5-.3-.7c-.2-.2-.4-.3-.7-.3h-11c-.3 0-.5.1-.7.3-.2.2-.3.5-.3.7s.1.5.3.7z\"\/><\/svg><\/span><\/span><\/span><\/a><\/span><\/div>\n<nav><ul class='ez-toc-list ez-toc-list-level-1' ><li class='ez-toc-page-1 ez-toc-heading-level-2'><a class=\"ez-toc-link ez-toc-heading-1\" href=\"https:\/\/coindetailshub.com\/es\/politica-de-privacidad\/#1_%EC%88%98%EC%A7%91%ED%95%98%EB%8A%94_%EA%B0%9C%EC%9D%B8%EC%A0%95%EB%B3%B4_%ED%95%AD%EB%AA%A9\" title=\"1. qu\u00e9 datos personales recogemos\">1. qu\u00e9 datos personales recogemos<\/a><\/li><li class='ez-toc-page-1 ez-toc-heading-level-2'><a class=\"ez-toc-link ez-toc-heading-2\" href=\"https:\/\/coindetailshub.com\/es\/politica-de-privacidad\/#2_%EC%BF%A0%ED%82%A4_%EB%B0%8F_%EC%B6%94%EC%A0%81_%EA%B8%B0%EC%88%A0_%EC%82%AC%EC%9A%A9_%EC%95%88%EB%82%B4\" title=\"2. Informaci\u00f3n sobre el uso de cookies y tecnolog\u00edas de rastreo\">2. Informaci\u00f3n sobre el uso de cookies y tecnolog\u00edas de rastreo<\/a><\/li><li class='ez-toc-page-1 ez-toc-heading-level-2'><a class=\"ez-toc-link ez-toc-heading-3\" href=\"https:\/\/coindetailshub.com\/es\/politica-de-privacidad\/#3_%EC%99%B8%EB%B6%80_%EC%BD%98%ED%85%90%EC%B8%A0_%EB%B0%8F_%EB%A7%81%ED%81%AC\" title=\"3. contenidos y enlaces externos\">3. contenidos y enlaces externos<\/a><\/li><li class='ez-toc-page-1 ez-toc-heading-level-2'><a class=\"ez-toc-link ez-toc-heading-4\" href=\"https:\/\/coindetailshub.com\/es\/politica-de-privacidad\/#4_%EC%88%98%EC%A7%91%ED%95%9C_%EC%A0%95%EB%B3%B4%EC%9D%98_%EB%B3%B4%EC%9C%A0_%EA%B8%B0%EA%B0%84\" title=\"4. cu\u00e1nto tiempo conservamos la informaci\u00f3n que recopilamos\">4. cu\u00e1nto tiempo conservamos la informaci\u00f3n que recopilamos<\/a><\/li><li class='ez-toc-page-1 ez-toc-heading-level-2'><a class=\"ez-toc-link ez-toc-heading-5\" href=\"https:\/\/coindetailshub.com\/es\/politica-de-privacidad\/#5_%EC%9D%B4%EC%9A%A9%EC%9E%90%EC%9D%98_%EA%B6%8C%EB%A6%AC\" title=\"5. sus derechos\">5. sus derechos<\/a><\/li><li class='ez-toc-page-1 ez-toc-heading-level-2'><a class=\"ez-toc-link ez-toc-heading-6\" href=\"https:\/\/coindetailshub.com\/es\/politica-de-privacidad\/#6_%EB%8D%B0%EC%9D%B4%ED%84%B0_%EC%A0%84%EC%86%A1_%EB%B0%8F_%EC%8A%A4%ED%8C%B8_%ED%95%84%ED%84%B0%EB%A7%81\" title=\"6. transferencia de datos y filtrado de spam\">6. transferencia de datos y filtrado de spam<\/a><\/li><li class='ez-toc-page-1 ez-toc-heading-level-2'><a class=\"ez-toc-link ez-toc-heading-7\" href=\"https:\/\/coindetailshub.com\/es\/politica-de-privacidad\/#7_%EB%8B%A4%EA%B5%AD%EC%96%B4_%EC%A0%9C%EA%B3%B5_%EB%B0%8F_%EB%B2%88%EC%97%AD_%EA%B4%80%EB%A0%A8_%EC%82%AC%ED%95%AD\" title=\"7. ofertas multiling\u00fces y traducciones\">7. ofertas multiling\u00fces y traducciones<\/a><\/li><li class='ez-toc-page-1 ez-toc-heading-level-2'><a class=\"ez-toc-link ez-toc-heading-8\" href=\"https:\/\/coindetailshub.com\/es\/politica-de-privacidad\/#8_%EC%B1%85%EC%9E%84_%ED%95%9C%EA%B3%84_%EB%B0%8F_%EB%A9%B4%EC%B1%85_%EC%82%AC%ED%95%AD\" title=\"8. Limitaciones de responsabilidad y descargos de responsabilidad\">8. Limitaciones de responsabilidad y descargos de responsabilidad<\/a><\/li><li class='ez-toc-page-1 ez-toc-heading-level-2'><a class=\"ez-toc-link ez-toc-heading-9\" href=\"https:\/\/coindetailshub.com\/es\/politica-de-privacidad\/#9_%EB%AC%B8%EC%9D%98%EC%B2%98\" title=\"9. contacto\">9. contacto<\/a><\/li><\/ul><\/nav><\/div>\n<h2 class=\"wp-block-heading\"><span class=\"ez-toc-section\" id=\"1_%EC%88%98%EC%A7%91%ED%95%98%EB%8A%94_%EA%B0%9C%EC%9D%B8%EC%A0%95%EB%B3%B4_%ED%95%AD%EB%AA%A9\"><\/span>1. qu\u00e9 datos personales recogemos<span class=\"ez-toc-section-end\"><\/span><\/h2>\n\n\n\n<p>Este sitio puede recopilar informaci\u00f3n como su nombre, direcci\u00f3n de correo electr\u00f3nico, direcci\u00f3n IP e informaci\u00f3n del navegador cuando usted comenta. Esta informaci\u00f3n se utiliza \u00fanicamente con fines de prevenci\u00f3n de spam y funcionalidad de los comentarios, y puede ser analizada por sistemas automatizados (como Akismet).<\/p>\n\n\n\n<h2 class=\"wp-block-heading\"><span class=\"ez-toc-section\" id=\"2_%EC%BF%A0%ED%82%A4_%EB%B0%8F_%EC%B6%94%EC%A0%81_%EA%B8%B0%EC%88%A0_%EC%82%AC%EC%9A%A9_%EC%95%88%EB%82%B4\"><\/span>2. Informaci\u00f3n sobre el uso de cookies y tecnolog\u00edas de rastreo<span class=\"ez-toc-section-end\"><\/span><\/h2>\n\n\n\n<p>Este sitio utiliza cookies para mejorar el rendimiento del sitio web y personalizar el contenido para los visitantes. Las cookies son peque\u00f1os archivos que se almacenan en su navegador y pueden guardar datos como su historial de visitas a un sitio, sus preferencias y si se le han mostrado anuncios.<\/p>\n\n\n\n<p>Las cookies se utilizan a trav\u00e9s de Google AdSense y Google Analytics, la configuraci\u00f3n del banner de cookies de Complianz, y los visitantes pueden gestionar si reciben o no cookies directamente a trav\u00e9s de su navegador o de la configuraci\u00f3n del banner de cookies.<\/p>\n\n\n\n<h2 class=\"wp-block-heading\"><span class=\"ez-toc-section\" id=\"3_%EC%99%B8%EB%B6%80_%EC%BD%98%ED%85%90%EC%B8%A0_%EB%B0%8F_%EB%A7%81%ED%81%AC\"><\/span>3. contenidos y enlaces externos<span class=\"ez-toc-section-end\"><\/span><\/h2>\n\n\n\n<p>Algunos contenidos de este sitio pueden contener material incrustado de YouTube, Twitter y otros sitios web externos, que pueden utilizar sus propias cookies y tecnolog\u00edas de seguimiento. Sus interacciones con el contenido externo se rigen por las pol\u00edticas de privacidad de esos sitios.<\/p>\n\n\n\n<h2 class=\"wp-block-heading\"><span class=\"ez-toc-section\" id=\"4_%EC%88%98%EC%A7%91%ED%95%9C_%EC%A0%95%EB%B3%B4%EC%9D%98_%EB%B3%B4%EC%9C%A0_%EA%B8%B0%EA%B0%84\"><\/span>4. cu\u00e1nto tiempo conservamos la informaci\u00f3n que recopilamos<span class=\"ez-toc-section-end\"><\/span><\/h2>\n\n\n\n<p>Los comentarios y los metadatos asociados se conservan indefinidamente. Esto se hace para automatizar el posterior proceso de aprobaci\u00f3n de comentarios. No se utilizan cuentas de usuario independientes ni se almacena autom\u00e1ticamente informaci\u00f3n sobre los visitantes.<\/p>\n\n\n\n<h2 class=\"wp-block-heading\"><span class=\"ez-toc-section\" id=\"5_%EC%9D%B4%EC%9A%A9%EC%9E%90%EC%9D%98_%EA%B6%8C%EB%A6%AC\"><\/span>5. sus derechos<span class=\"ez-toc-section-end\"><\/span><\/h2>\n\n\n\n<p>Los usuarios que dejan comentarios pueden solicitar ver, corregir o borrar la informaci\u00f3n personal que han proporcionado. No obstante, podr\u00e1n hacerse excepciones en el caso de informaci\u00f3n que la ley obligue a conservar.<\/p>\n\n\n\n<h2 class=\"wp-block-heading\"><span class=\"ez-toc-section\" id=\"6_%EB%8D%B0%EC%9D%B4%ED%84%B0_%EC%A0%84%EC%86%A1_%EB%B0%8F_%EC%8A%A4%ED%8C%B8_%ED%95%84%ED%84%B0%EB%A7%81\"><\/span>6. transferencia de datos y filtrado de spam<span class=\"ez-toc-section-end\"><\/span><\/h2>\n\n\n\n<p>Las entradas de los usuarios, como los comentarios, se procesan autom\u00e1ticamente a trav\u00e9s de servicios de detecci\u00f3n de spam, lo que puede dar lugar a la transferencia de informaci\u00f3n a sistemas de terceros. Por ejemplo: Sistemas Akismet o Complianz.<\/p>\n\n\n\n<h2 class=\"wp-block-heading\"><span class=\"ez-toc-section\" id=\"7_%EB%8B%A4%EA%B5%AD%EC%96%B4_%EC%A0%9C%EA%B3%B5_%EB%B0%8F_%EB%B2%88%EC%97%AD_%EA%B4%80%EB%A0%A8_%EC%82%AC%ED%95%AD\"><\/span>7. ofertas multiling\u00fces y traducciones<span class=\"ez-toc-section-end\"><\/span><\/h2>\n\n\n\n<p>Este sitio ofrece traducci\u00f3n multiling\u00fce autom\u00e1tica a trav\u00e9s de TranslatePress y la API DeepL, y durante este proceso no se transfiere ni almacena informaci\u00f3n personal en sistemas de traducci\u00f3n externos. No obstante, los visitantes deben guiarse por la exactitud del contenido traducido.<\/p>\n\n\n\n<h2 class=\"wp-block-heading\"><span class=\"ez-toc-section\" id=\"8_%EC%B1%85%EC%9E%84_%ED%95%9C%EA%B3%84_%EB%B0%8F_%EB%A9%B4%EC%B1%85_%EC%82%AC%ED%95%AD\"><\/span>8. Limitaciones de responsabilidad y descargos de responsabilidad<span class=\"ez-toc-section-end\"><\/span><\/h2>\n\n\n\n<p>coindetailshub.com proporciona informaci\u00f3n relacionada con criptomonedas y blockchain, pero no es una solicitud de inversi\u00f3n y s\u00f3lo tiene fines informativos. Usted es el \u00fanico responsable de sus propias decisiones y acciones de inversi\u00f3n, y el sitio no se hace responsable de ning\u00fan da\u00f1o.<\/p>\n\n\n\n<h2 class=\"wp-block-heading\"><span class=\"ez-toc-section\" id=\"9_%EB%AC%B8%EC%9D%98%EC%B2%98\"><\/span>9. contacto<span class=\"ez-toc-section-end\"><\/span><\/h2>\n\n\n\n<p>Si tiene alguna pregunta sobre sus datos personales, p\u00f3ngase en contacto con nosotros en la direcci\u00f3n de correo electr\u00f3nico que figura a continuaci\u00f3n.<br> Correo electr\u00f3nico del administrador: kickdkj7@naver.com<\/p>","protected":false},"excerpt":{"rendered":"<p>1. \uc218\uc9d1\ud558\ub294 \uac1c\uc778\uc815\ubcf4 \ud56d\ubaa9 \ubcf8 \uc0ac\uc774\ud2b8\ub294 \ub313\uae00 \uc791\uc131 \uc2dc \uc774\ub984, \uc774\uba54\uc77c \uc8fc\uc18c, IP \uc8fc\uc18c, \ube0c\ub77c\uc6b0\uc800 \uc815\ubcf4 \ub4f1\uc744 \uc218\uc9d1\ud560 \uc218 \uc788\uc2b5\ub2c8\ub2e4. \uc774 \uc815\ubcf4\ub294 \uc2a4\ud338 \ubc29\uc9c0 \ubc0f \ub313\uae00 \uae30\ub2a5 \uc81c\uacf5 \ubaa9\uc801\uc73c\ub85c\ub9cc \uc0ac\uc6a9\ub418\uba70, \uc790\ub3d9\ud654\ub41c \uc2dc\uc2a4\ud15c(Akismet \ub4f1)\uc744 \ud1b5\ud574 \ubd84\uc11d\ub420 \uc218 \uc788\uc2b5\ub2c8\ub2e4. 2. \ucfe0\ud0a4 \ubc0f \ucd94\uc801 \uae30\uc220 \uc0ac\uc6a9 \uc548\ub0b4 \uc774 \uc0ac\uc774\ud2b8\ub294 \uc6f9\uc0ac\uc774\ud2b8 \uc131\ub2a5 \ud5a5\uc0c1 \ubc0f \ubc29\ubb38\uc790 \ub9de\ucda4\ud615 \ucf58\ud150\uce20 \uc81c\uacf5\uc744 \uc704\ud574 [&hellip;]<\/p>\n","protected":false},"author":1,"featured_media":0,"parent":0,"menu_order":0,"comment_status":"closed","ping_status":"closed","template":"","meta":{"footnotes":""},"class_list":["post-165","page","type-page","status-publish","hentry"],"blocksy_meta":[],"jetpack_sharing_enabled":true,"_links":{"self":[{"href":"https:\/\/coindetailshub.com\/es\/wp-json\/wp\/v2\/pages\/165","targetHints":{"allow":["GET"]}}],"collection":[{"href":"https:\/\/coindetailshub.com\/es\/wp-json\/wp\/v2\/pages"}],"about":[{"href":"https:\/\/coindetailshub.com\/es\/wp-json\/wp\/v2\/types\/page"}],"author":[{"embeddable":true,"href":"https:\/\/coindetailshub.com\/es\/wp-json\/wp\/v2\/users\/1"}],"replies":[{"embeddable":true,"href":"https:\/\/coindetailshub.com\/es\/wp-json\/wp\/v2\/comments?post=165"}],"version-history":[{"count":1,"href":"https:\/\/coindetailshub.com\/es\/wp-json\/wp\/v2\/pages\/165\/revisions"}],"predecessor-version":[{"id":166,"href":"https:\/\/coindetailshub.com\/es\/wp-json\/wp\/v2\/pages\/165\/revisions\/166"}],"wp:attachment":[{"href":"https:\/\/coindetailshub.com\/es\/wp-json\/wp\/v2\/media?parent=165"}],"curies":[{"name":"wp","href":"https:\/\/api.w.org\/{rel}","templated":true}]}}